{"id":87,"date":"2024-02-16T16:06:37","date_gmt":"2024-02-16T14:06:37","guid":{"rendered":"http:\/\/neu.waldspielgruppe-pinocchio.ch\/?page_id=87"},"modified":"2025-04-25T16:59:47","modified_gmt":"2025-04-25T14:59:47","slug":"leitgedanken","status":"publish","type":"page","link":"https:\/\/www.waldspielgruppe-pinocchio.ch\/index.php\/leitgedanken\/","title":{"rendered":"Grunds\u00e4tze"},"content":{"rendered":"\n<div class=\"wp-block-group alignfull has-global-padding is-layout-constrained wp-container-core-group-is-layout-aff63992 wp-block-group-is-layout-constrained\" style=\"margin-top:0;margin-bottom:0;padding-top:0;padding-right:var(--wp--preset--spacing--50);padding-bottom:0;padding-left:var(--wp--preset--spacing--50)\">\n<div class=\"wp-block-group is-vertical is-content-justification-center is-layout-flex wp-container-core-group-is-layout-ce155fab wp-block-group-is-layout-flex\">\n<h2 class=\"wp-block-heading has-text-align-center is-style-default has-x-large-font-size\">Grunds\u00e4tze<\/h2>\n\n\n\n<p class=\"has-text-align-center\">Uns ist wichtig:<\/p>\n<\/div>\n\n\n\n<ol class=\"wp-block-list\">\n<li>Dank der Vielseitigkeit der Natur wird das Kind ganzheitlich angeregt und gef\u00f6rdert. Alle Sinne werden gebraucht: Sehen, H\u00f6ren, Riechen, F\u00fchlen und Tasten ebenso wie die Fein- und Grobmotorik. Auch f\u00fcr Fantasie und Kreativit\u00e4t bietet der Wald ein ideales Lernfeld (\u00c4ste werden zu Angelruten, Zwergenbr\u00fccken, Giraffen, etc.)<\/li>\n\n\n\n<li>Die Kinder k\u00f6nnen die Umwelt in Geborgenheit und Sicherheit erfahren. Die Abenteuerlust kann gelebt werden.<\/li>\n\n\n\n<li>Im Wald gibt es keine T\u00fcren und W\u00e4nde. Die nat\u00fcrliche Bewegungsfreude und Abenteuerlust darf ausgelebt werden. So verhindert die Natur, dass Aggressionen sich im K\u00f6rper anstauen.<\/li>\n\n\n\n<li>Der Wald ist still. Wir k\u00f6nnen lauschen und feinste innere und \u00e4ussere Vorg\u00e4nge wahrnehmen. Die Konzentrationsf\u00e4higkeit wird gef\u00f6rdert. Die Bewegungsfreiheit in der Natur bringt Ruhe mit sich und gleichzeitig Offenheit f\u00fcr Stille.<\/li>\n\n\n\n<li>Die Kinder erleben den Rhythmus der Jahreszeiten und die wetterbedingten Ver\u00e4nderungen des Waldes: Knospen, Bl\u00fcten, Fruchtwachstum und -reife, sich ins Laubbett legen, bunter Herbstwald, karger Winterwald, Sonnen-, Schatten-, Regen-, Nebel- und Schnee-Erfahrungen.<\/li>\n\n\n\n<li>Der Wald ist nicht mit Reizen \u00fcberflutet. Wir entrinnen dem Konsumalltag f\u00fcr eine Weile. Die inneren Kr\u00e4fte werden in der Natur gest\u00e4rkt. Die Kinder erleben die unz\u00e4hligen Spielm\u00f6glichkeiten in der Natur und erfahren, dass sie sich auch ohne Spielzeug bestens verweilen k\u00f6nnen.<\/li>\n\n\n\n<li>In der Gruppe lernen die Kinder auf sich und andere zu achten. Ausserdem geben sich die Kinder gegenseitig Impulse und lernen viel voneinander.<\/li>\n\n\n\n<li>Die Kinder erfahren selber und vor Ort, wie wichtig der sorgf\u00e4ltige Umgang mit der Natur ist. Regeln sind logisch und verst\u00e4ndlich: r\u00fccksichtsvoller Umgang mit kleinen und grossen Waldtieren und Pflanzen.<\/li>\n\n\n\n<li>Durch die Regelm\u00e4ssigkeit unserer Naturbesuche wird das kindliche Bed\u00fcrfnis nach Wiederholung befriedigt. Die Kinder f\u00fchlen sich in der Natur zu Hause.<\/li>\n\n\n\n<li>Die intensive Beziehung als Kind zur Natur ist Voraussetzung zum aktiven Schutz und Respekt derselben als Erwachsene.<\/li>\n\n\n\n<li>Das Immunsystem der Kinder wird durch die regelm\u00e4ssigen Allwetteraufenthalte im Freien gest\u00e4rkt.<\/li>\n<\/ol>\n<\/div>\n","protected":false},"excerpt":{"rendered":"<p>Grunds\u00e4tze Uns ist wichtig:<\/p>\n","protected":false},"author":1,"featured_media":0,"parent":0,"menu_order":0,"comment_status":"closed","ping_status":"closed","template":"","meta":{"footnotes":""},"class_list":["post-87","page","type-page","status-publish","hentry"],"_links":{"self":[{"href":"https:\/\/www.waldspielgruppe-pinocchio.ch\/index.php\/wp-json\/wp\/v2\/pages\/87","targetHints":{"allow":["GET"]}}],"collection":[{"href":"https:\/\/www.waldspielgruppe-pinocchio.ch\/index.php\/wp-json\/wp\/v2\/pages"}],"about":[{"href":"https:\/\/www.waldspielgruppe-pinocchio.ch\/index.php\/wp-json\/wp\/v2\/types\/page"}],"author":[{"embeddable":true,"href":"https:\/\/www.waldspielgruppe-pinocchio.ch\/index.php\/wp-json\/wp\/v2\/users\/1"}],"replies":[{"embeddable":true,"href":"https:\/\/www.waldspielgruppe-pinocchio.ch\/index.php\/wp-json\/wp\/v2\/comments?post=87"}],"version-history":[{"count":11,"href":"https:\/\/www.waldspielgruppe-pinocchio.ch\/index.php\/wp-json\/wp\/v2\/pages\/87\/revisions"}],"predecessor-version":[{"id":175,"href":"https:\/\/www.waldspielgruppe-pinocchio.ch\/index.php\/wp-json\/wp\/v2\/pages\/87\/revisions\/175"}],"wp:attachment":[{"href":"https:\/\/www.waldspielgruppe-pinocchio.ch\/index.php\/wp-json\/wp\/v2\/media?parent=87"}],"curies":[{"name":"wp","href":"https:\/\/api.w.org\/{rel}","templated":true}]}}