{"id":5,"date":"2023-06-23T11:50:51","date_gmt":"2023-06-23T09:50:51","guid":{"rendered":"http:\/\/neu.waldspielgruppe-pinocchio.ch\/?page_id=5"},"modified":"2026-03-20T09:01:38","modified_gmt":"2026-03-20T07:01:38","slug":"startseite","status":"publish","type":"page","link":"https:\/\/www.waldspielgruppe-pinocchio.ch\/","title":{"rendered":"Startseite"},"content":{"rendered":"\n<div class=\"wp-block-group alignfull has-global-padding is-layout-constrained wp-container-core-group-is-layout-2cf2e7c2 wp-block-group-is-layout-constrained\" style=\"padding-top:0;padding-right:var(--wp--preset--spacing--50);padding-bottom:0;padding-left:var(--wp--preset--spacing--50)\">\n<div class=\"wp-block-group has-global-padding is-layout-constrained wp-container-core-group-is-layout-650790e1 wp-block-group-is-layout-constrained\">\n<h1 class=\"wp-block-heading has-text-align-center has-x-large-font-size\">Mer send zmetzt im Wald.<\/h1>\n\n\n\n<div style=\"height:1.25rem\" aria-hidden=\"true\" class=\"wp-block-spacer\"><\/div>\n\n\n\n<p class=\"has-text-align-center\">\u00d6b d Sunne schiint oder chalte R\u00e4ge fallt, das esch \u00f6is glich, macht \u00f6is n\u00fct us! Hauptsach mer h\u00e4nds l\u00e4ss und sind veross. Mer gs\u00e4hnd B\u00e4um, Pilz und Tier def\u00fcr \u2013 und hoffentlich kei wilde B\u00e4r!!!<\/p>\n\n\n\n<div style=\"height:1.25rem\" aria-hidden=\"true\" class=\"wp-block-spacer\"><\/div>\n\n\n\n<div class=\"wp-block-buttons is-content-justification-center is-layout-flex wp-container-core-buttons-is-layout-a89b3969 wp-block-buttons-is-layout-flex\">\n<div class=\"wp-block-button\"><a class=\"wp-block-button__link wp-element-button\" href=\"https:\/\/www.waldspielgruppe-pinocchio.ch\/index.php\/infos\/\">Infos zur Waldspielgruppe<\/a><\/div>\n<\/div>\n<\/div>\n\n\n\n<div style=\"height:10px\" aria-hidden=\"true\" class=\"wp-block-spacer\"><\/div>\n\n\n\n<div class=\"wp-block-group has-global-padding is-layout-constrained wp-block-group-is-layout-constrained\">\n<blockquote class=\"wp-block-quote has-small-font-size is-layout-flow wp-block-quote-is-layout-flow\" style=\"padding-top:var(--wp--preset--spacing--10);padding-right:var(--wp--preset--spacing--10);padding-bottom:var(--wp--preset--spacing--10);padding-left:var(--wp--preset--spacing--10)\">\n<h2 class=\"wp-block-heading has-text-align-center\">Waldm\u00fc\u00fcs<\/h2>\n\n\n\n<div style=\"height:3px\" aria-hidden=\"true\" class=\"wp-block-spacer\"><\/div>\n\n\n\n<p class=\"has-text-align-center\">Das Abenteuer f\u00fcr Kindergartenkinder geht weiter!<\/p>\n\n\n\n<p class=\"has-text-align-center\">Wir erforschen Tierspuren, lernen Knoten und entdecken den Wald im Wandel der Jahreszeiten. Das monatliche Natur-Erlebnis f\u00fcr alle, die gerne draussen sind.<\/p>\n\n\n\n<div class=\"wp-block-buttons is-content-justification-center is-layout-flex wp-container-core-buttons-is-layout-a89b3969 wp-block-buttons-is-layout-flex\">\n<div class=\"wp-block-button\"><a class=\"wp-block-button__link wp-element-button\" href=\"https:\/\/www.waldspielgruppe-pinocchio.ch\/index.php\/waldmueues\/\">Infos zu den Waldm\u00fc\u00fcs<\/a><\/div>\n<\/div>\n<\/blockquote>\n<\/div>\n\n\n\n<div style=\"height:10px\" aria-hidden=\"true\" class=\"wp-block-spacer\"><\/div>\n\n\n\n<figure class=\"wp-block-image alignwide size-full is-style-rounded is-style-rounded--1\"><img loading=\"lazy\" decoding=\"async\" width=\"1000\" height=\"531\" src=\"https:\/\/www.waldspielgruppe-pinocchio.ch\/wp-content\/uploads\/2023\/06\/image_header.jpeg\" alt=\"\" class=\"wp-image-10\" srcset=\"https:\/\/www.waldspielgruppe-pinocchio.ch\/wp-content\/uploads\/2023\/06\/image_header.jpeg 1000w, https:\/\/www.waldspielgruppe-pinocchio.ch\/wp-content\/uploads\/2023\/06\/image_header-300x159.jpeg 300w, https:\/\/www.waldspielgruppe-pinocchio.ch\/wp-content\/uploads\/2023\/06\/image_header-768x408.jpeg 768w\" sizes=\"auto, (max-width: 1000px) 100vw, 1000px\" \/><\/figure>\n<\/div>\n\n\n\n<div style=\"height:25px\" aria-hidden=\"true\" class=\"wp-block-spacer\"><\/div>\n","protected":false},"excerpt":{"rendered":"<p>Mer send zmetzt im Wald. \u00d6b d Sunne schiint oder chalte R\u00e4ge fallt, das esch \u00f6is glich, macht \u00f6is n\u00fct us! Hauptsach mer h\u00e4nds l\u00e4ss und sind veross. Mer gs\u00e4hnd B\u00e4um, Pilz und Tier def\u00fcr \u2013 und hoffentlich kei wilde B\u00e4r!!! Waldm\u00fc\u00fcs Das Abenteuer f\u00fcr Kindergartenkinder geht weiter! Wir erforschen Tierspuren, lernen Knoten und entdecken [&hellip;]<\/p>\n","protected":false},"author":1,"featured_media":10,"parent":0,"menu_order":0,"comment_status":"closed","ping_status":"closed","template":"","meta":{"footnotes":""},"class_list":["post-5","page","type-page","status-publish","has-post-thumbnail","hentry"],"_links":{"self":[{"href":"https:\/\/www.waldspielgruppe-pinocchio.ch\/index.php\/wp-json\/wp\/v2\/pages\/5","targetHints":{"allow":["GET"]}}],"collection":[{"href":"https:\/\/www.waldspielgruppe-pinocchio.ch\/index.php\/wp-json\/wp\/v2\/pages"}],"about":[{"href":"https:\/\/www.waldspielgruppe-pinocchio.ch\/index.php\/wp-json\/wp\/v2\/types\/page"}],"author":[{"embeddable":true,"href":"https:\/\/www.waldspielgruppe-pinocchio.ch\/index.php\/wp-json\/wp\/v2\/users\/1"}],"replies":[{"embeddable":true,"href":"https:\/\/www.waldspielgruppe-pinocchio.ch\/index.php\/wp-json\/wp\/v2\/comments?post=5"}],"version-history":[{"count":25,"href":"https:\/\/www.waldspielgruppe-pinocchio.ch\/index.php\/wp-json\/wp\/v2\/pages\/5\/revisions"}],"predecessor-version":[{"id":274,"href":"https:\/\/www.waldspielgruppe-pinocchio.ch\/index.php\/wp-json\/wp\/v2\/pages\/5\/revisions\/274"}],"wp:featuredmedia":[{"embeddable":true,"href":"https:\/\/www.waldspielgruppe-pinocchio.ch\/index.php\/wp-json\/wp\/v2\/media\/10"}],"wp:attachment":[{"href":"https:\/\/www.waldspielgruppe-pinocchio.ch\/index.php\/wp-json\/wp\/v2\/media?parent=5"}],"curies":[{"name":"wp","href":"https:\/\/api.w.org\/{rel}","templated":true}]}}