{"id":40,"date":"2024-02-16T15:01:13","date_gmt":"2024-02-16T13:01:13","guid":{"rendered":"http:\/\/neu.waldspielgruppe-pinocchio.ch\/?page_id=40"},"modified":"2025-04-25T17:29:47","modified_gmt":"2025-04-25T15:29:47","slug":"team","status":"publish","type":"page","link":"https:\/\/www.waldspielgruppe-pinocchio.ch\/index.php\/team\/","title":{"rendered":"Team"},"content":{"rendered":"\n<div class=\"wp-block-group alignfull has-global-padding is-layout-constrained wp-container-core-group-is-layout-aff63992 wp-block-group-is-layout-constrained\" style=\"margin-top:0;margin-bottom:0;padding-top:0;padding-right:var(--wp--preset--spacing--50);padding-bottom:0;padding-left:var(--wp--preset--spacing--50)\">\n<div class=\"wp-block-group is-vertical is-content-justification-center is-layout-flex wp-container-core-group-is-layout-ce155fab wp-block-group-is-layout-flex\">\n<h2 class=\"wp-block-heading has-x-large-font-size\">Team<\/h2>\n\n\n\n<p class=\"has-text-align-center\">Die Waldspielgruppe Pinocchio Aarau wird von ausgebildeten Spielgruppen-Leiterinnen gef\u00fchrt.<\/p>\n<\/div>\n\n\n\n<div class=\"wp-block-columns alignwide is-layout-flex wp-container-core-columns-is-layout-4935966c wp-block-columns-is-layout-flex\" style=\"padding-right:0;padding-left:0\">\n<div class=\"wp-block-column is-layout-flow wp-block-column-is-layout-flow\">\n<figure class=\"wp-block-image aligncenter size-full is-resized is-style-rounded is-style-rounded--1\"><img loading=\"lazy\" decoding=\"async\" width=\"554\" height=\"554\" src=\"https:\/\/www.waldspielgruppe-pinocchio.ch\/wp-content\/uploads\/2024\/09\/regula_foto.jpg\" alt=\"\" class=\"wp-image-134\" style=\"aspect-ratio:1;object-fit:cover;width:191px;height:auto\" srcset=\"https:\/\/www.waldspielgruppe-pinocchio.ch\/wp-content\/uploads\/2024\/09\/regula_foto.jpg 554w, https:\/\/www.waldspielgruppe-pinocchio.ch\/wp-content\/uploads\/2024\/09\/regula_foto-300x300.jpg 300w, https:\/\/www.waldspielgruppe-pinocchio.ch\/wp-content\/uploads\/2024\/09\/regula_foto-150x150.jpg 150w\" sizes=\"auto, (max-width: 554px) 100vw, 554px\" \/><\/figure>\n\n\n\n<div class=\"wp-block-group is-vertical is-content-justification-center is-nowrap is-layout-flex wp-container-core-group-is-layout-63bfd6c1 wp-block-group-is-layout-flex\">\n<p class=\"has-text-align-center has-small-font-size\"> <strong>Regula<\/strong> <\/p>\n\n\n\n<p class=\"has-text-align-center has-small-font-size\">Jahrgang 1977 \/ verheiratet <\/p>\n\n\n\n<div style=\"height:10px\" aria-hidden=\"true\" class=\"wp-block-spacer wp-container-content-728072c3\"><\/div>\n\n\n\n<p class=\"has-text-align-center has-small-font-size\">Die Ausbildung zur Spielgruppenleiterin habe ich im Januar 2015 abgeschlossen- kurz darauf folgte die Ausbildung zur Waldspielgruppenleiterin. W\u00e4hrend ich in verschiedenen Innenspielgruppen arbeitete, kam immer mehr der Wunsch auf, \u201enur\u201c noch draussen zu arbeiten.&nbsp;Davor war ich gut 4 Jahre als Miterzieherin in einer Kinderkrippe t\u00e4tig und konnte dort viel Erfahrung sammeln im Alltag mit den Kindern. Seit 2023 habe ich zus\u00e4tzlich den Abschluss zur Fachfrau Betreuung Kinder in der \u00abTasche.\u00bb<\/p>\n\n\n\n<p class=\"has-text-align-center has-small-font-size\">Neben dem Vorbereiten und Leiten der Waldmorgen mit den Kindern, k\u00fcmmere ich mich um die Buchhaltung unseres Vereins. Zudem arbeite ich bei der Stadt Aarau in einem Inklusionsprojekt f\u00fcr Kleinkinder mit Beeintr\u00e4chtigung mit.<\/p>\n\n\n\n<p class=\"has-text-align-center has-small-font-size\">Neben der Waldspielgruppenarbeit mache ich gerne regelm\u00e4ssig Sport. Sei dies Snowboarden, Schwimmen, Fitness, Joggen, Inlineskating, SUP, Langlauf, Wandern, Mountainbike etc.<\/p>\n\n\n\n<p class=\"has-text-align-center has-small-font-size\">Ich reise sehr gerne, um immer wieder Neues zu entdecken und bin auch privat sehr oft und gerne in der Natur unterwegs.<br>Ich freue mich die Waldkinder einen Teil auf ihrem Weg zu begleiten, sie zu f\u00f6rdern, mit ihnen zu lachen und die Natur in vollen Z\u00fcgen zu erleben und zu geniessen.<br><\/p>\n<\/div>\n<\/div>\n\n\n\n<div class=\"wp-block-column is-layout-flow wp-block-column-is-layout-flow\">\n<figure class=\"wp-block-image aligncenter size-full is-resized is-style-rounded is-style-rounded--2\"><img loading=\"lazy\" decoding=\"async\" width=\"481\" height=\"321\" src=\"https:\/\/www.waldspielgruppe-pinocchio.ch\/wp-content\/uploads\/2024\/02\/renate_foto.jpg\" alt=\"\" class=\"wp-image-42\" style=\"aspect-ratio:1;object-fit:cover;width:194px;height:auto\" srcset=\"https:\/\/www.waldspielgruppe-pinocchio.ch\/wp-content\/uploads\/2024\/02\/renate_foto.jpg 481w, https:\/\/www.waldspielgruppe-pinocchio.ch\/wp-content\/uploads\/2024\/02\/renate_foto-300x200.jpg 300w\" sizes=\"auto, (max-width: 481px) 100vw, 481px\" \/><\/figure>\n\n\n\n<div class=\"wp-block-group is-vertical is-content-justification-center is-nowrap is-layout-flex wp-container-core-group-is-layout-21d4e958 wp-block-group-is-layout-flex\">\n<p class=\"has-text-align-center has-small-font-size\"> <strong>Renate<\/strong> <\/p>\n\n\n\n<p class=\"has-text-align-center has-small-font-size\">Jahrgang 1977 \/ verheiratet, 2 M\u00e4dchen Jg 2008 u 2010 <\/p>\n\n\n\n<div style=\"height:10px\" aria-hidden=\"true\" class=\"wp-block-spacer wp-container-content-728072c3\"><\/div>\n\n\n\n<p class=\"has-text-align-center has-small-font-size\">Ich bin gelernte Medizinische Praxisassistentin und habe lange Zeit in einer Praxis gearbeitet. Mit der Heirat und der Familie kam der Wunsch nach etwas Neuem. Ein Job der besser mit Haus, Tiere&nbsp; und Familie zu vereinbaren ist. Da ich sehr gerne Kinder habe, entschied ich mich zur Ausbildung Tagesmutter. Ab dann war unser Haus voll mit Kinder zwischen 3 Mt und 4 Jahren. Ebenfalls haben wir den Mittagstisch f\u00fcr Sch\u00fcler angeboten. F\u00fcr die ganze Familie war diese Zeit eine Bereicherung. Sp\u00e4ter machte ich die Spielgruppenleiterin, wo ich in meinem Dorf mehrere Jahre aktiv war. Da mich der Wald immer faszinierte, als Kind in der Pfadi aktiv, sp\u00e4ter mit der Familie, entschied ich mich f\u00fcr die Waldspielgruppenleiterin im Anschluss. So konnte ich in beiden Bereichen meine Erfahrungen sammeln.<br>Neben den 3 Waldm\u00f6rgen bin ich in unserem Verein f\u00fcr die Anmeldungen zust\u00e4ndig. Bei Fragen oder einem Anliegen unkompliziert bei mir melden. Aktuell arbeite ich noch 2 Tage in einer Praxis.<br>Gerne nehme ich mir Zeit f\u00fcr lange Spazierg\u00e4nge mit dem Hund oder Walkingtouren. Ich liebe den Wintersport und halte mich gerne Outdoor auf. Bin gerne kreativ, dekorieren, filzen, basteln liebe ich.&nbsp;Ich habe noch eine kleine Meerschweinchen-Hobbyzucht im Garten die ich gerne betreue und mir Spass macht.<br>Es ist toll die Zeit mit Kindern etwas zu entschleunigen. Gemeinsam die Wunder am Wegrand zu bestaunen, Feuer zu machen, singen und werkeln. Da wir bei jedem Wetter draussen sind, sp\u00fcren und erleben die Kinder die Jahreszeiten auch intensiv. Das sind Erlebnisse die in Erinnerung bleiben.<\/p>\n<\/div>\n<\/div>\n<\/div>\n<\/div>\n\n\n\n<div style=\"height:25px\" aria-hidden=\"true\" class=\"wp-block-spacer\"><\/div>\n","protected":false},"excerpt":{"rendered":"<p>Team Die Waldspielgruppe Pinocchio Aarau wird von ausgebildeten Spielgruppen-Leiterinnen gef\u00fchrt. Regula Jahrgang 1977 \/ verheiratet Die Ausbildung zur Spielgruppenleiterin habe ich im Januar 2015 abgeschlossen- kurz darauf folgte die Ausbildung zur Waldspielgruppenleiterin. W\u00e4hrend ich in verschiedenen Innenspielgruppen arbeitete, kam immer mehr der Wunsch auf, \u201enur\u201c noch draussen zu arbeiten.&nbsp;Davor war ich gut 4 Jahre als [&hellip;]<\/p>\n","protected":false},"author":1,"featured_media":0,"parent":0,"menu_order":0,"comment_status":"closed","ping_status":"closed","template":"","meta":{"footnotes":""},"class_list":["post-40","page","type-page","status-publish","hentry"],"_links":{"self":[{"href":"https:\/\/www.waldspielgruppe-pinocchio.ch\/index.php\/wp-json\/wp\/v2\/pages\/40","targetHints":{"allow":["GET"]}}],"collection":[{"href":"https:\/\/www.waldspielgruppe-pinocchio.ch\/index.php\/wp-json\/wp\/v2\/pages"}],"about":[{"href":"https:\/\/www.waldspielgruppe-pinocchio.ch\/index.php\/wp-json\/wp\/v2\/types\/page"}],"author":[{"embeddable":true,"href":"https:\/\/www.waldspielgruppe-pinocchio.ch\/index.php\/wp-json\/wp\/v2\/users\/1"}],"replies":[{"embeddable":true,"href":"https:\/\/www.waldspielgruppe-pinocchio.ch\/index.php\/wp-json\/wp\/v2\/comments?post=40"}],"version-history":[{"count":19,"href":"https:\/\/www.waldspielgruppe-pinocchio.ch\/index.php\/wp-json\/wp\/v2\/pages\/40\/revisions"}],"predecessor-version":[{"id":180,"href":"https:\/\/www.waldspielgruppe-pinocchio.ch\/index.php\/wp-json\/wp\/v2\/pages\/40\/revisions\/180"}],"wp:attachment":[{"href":"https:\/\/www.waldspielgruppe-pinocchio.ch\/index.php\/wp-json\/wp\/v2\/media?parent=40"}],"curies":[{"name":"wp","href":"https:\/\/api.w.org\/{rel}","templated":true}]}}