{"id":259,"date":"2026-03-20T08:24:47","date_gmt":"2026-03-20T06:24:47","guid":{"rendered":"https:\/\/www.waldspielgruppe-pinocchio.ch\/?page_id=259"},"modified":"2026-03-20T08:39:01","modified_gmt":"2026-03-20T06:39:01","slug":"waldmueues","status":"publish","type":"page","link":"https:\/\/www.waldspielgruppe-pinocchio.ch\/index.php\/waldmueues\/","title":{"rendered":"Waldm\u00fc\u00fcs"},"content":{"rendered":"\n<h2 class=\"wp-block-heading has-text-align-center\">Waldm\u00fc\u00fcs<\/h2>\n\n\n\n<h3 class=\"wp-block-heading\">Wald-Erlebnisse f\u00fcr Kindergartenkinder<\/h3>\n\n\n\n<p>Ihr Kind hat die Waldspielgruppe geliebt? Dann lassen Sie das Abenteuer weitergehen! Auch wenn Ihr Kind bisher noch keine Waldspielgruppe besucht hat \u2013 alle Kinder sind herzlich willkommen, die Freude an der Natur haben und Neues entdecken m\u00f6chten!<\/p>\n\n\n\n<p>Natur hautnah entdecken: Spannende Streifz\u00fcge durch den Wald, bei denen Tiere, Pflanzen und Jahreszeiten erkundet werden.<\/p>\n\n\n\n<figure class=\"wp-block-table is-style-regular\"><table class=\"has-fixed-layout\" style=\"border-style:none;border-width:0px\"><tbody><tr><td>Wann<\/td><td>1x im Monat am Mittwochnachmittag (ausser Juli) <\/td><\/tr><tr><td>Wo<\/td><td>Treffpunkt beim Steinigen Tisch (Aufenthalt beim Waldsofa)<\/td><\/tr><tr><td>Zeit<\/td><td>14:00\u201317:00 Uhr (in den Wintermonaten angepasst, 13:30\u201316:30 Uhr)<\/td><\/tr><tr><td>Preis<\/td><td>CHF 32.00 pro Waldnachmittag<\/td><\/tr><\/tbody><\/table><\/figure>\n\n\n\n<h4 class=\"wp-block-heading\">Geplante Daten<\/h4>\n\n\n\n<p>26.8.26, 23.9.26, 21.10.26, 11.11.26, 9.12.26, 20.1.27, 24.2.27, 17.3.27, 28.4.27, 19.5.27, 9.6.27<\/p>\n\n\n\n<h4 class=\"wp-block-heading\">Gef\u00fchrte Sequenzen zu Waldthemen<\/h4>\n\n\n\n<ul class=\"wp-block-list\">\n<li><strong>Waldtiere und ihre Lebensr\u00e4ume<\/strong> \u2013 Wo verstecken sich Fuchs, Hase und Igel?<\/li>\n\n\n\n<li><strong>Kreislauf der B\u00e4ume<\/strong> \u2013 Vom Samen bis zum gro\u00dfen Baum: Wie w\u00e4chst der<br>Wald?<\/li>\n\n\n\n<li><strong>Insekten und kleine Waldbewohner<\/strong> \u2013 Eine spannende Entdeckungsreise in die Welt<br>der Krabbeltiere.<\/li>\n\n\n\n<li><strong>Jahreszeiten im Wald<\/strong> \u2013 Wie ver\u00e4ndert sich der Wald im Fr\u00fchling, Sommer, Herbst<br>und Winter?<\/li>\n\n\n\n<li><strong>Spuren lesen und verstehen<\/strong> \u2013 Tierspuren erkennen und die geheimen Wege der<br>Waldbewohner entdecken.<\/li>\n<\/ul>\n\n\n\n<h4 class=\"wp-block-heading\">Praktische Naturerfahrungen<\/h4>\n\n\n\n<p>Gemeinsam machen wir Lagerfeuer, schnitzen mit kindgerechtem Werkzeug und lernen erste Seilknoten \u2013 F\u00e4higkeiten, die nicht nur Spa\u00df machen, sondern auch das Selbstvertrauen unddie Motorik st\u00e4rken.<\/p>\n\n\n\n<p>Die Kinder werden immer von uns (zwei erfahrenen Waldspielgruppenleiterinnen) begleitet \u2013 f\u00fcr eine sichere, betreute und individuelle Entdeckungszeit in der Natur.<br>Gemeinschaft und Verantwortung: Gemeinsam den Wald erleben, achtsam mit der Natur umgehen und zusammen Abenteuer erleben.<\/p>\n\n\n\n<p>Wir freuen uns, wenn auch DU dabei bist! Bei Fragen- einfach melden bei <a href=\"https:\/\/www.waldspielgruppe-pinocchio.ch\/index.php\/kontakt\/\" data-type=\"page\" data-id=\"126\">uns<\/a>.<\/p>\n\n\n\n<div class=\"wp-block-buttons is-layout-flex wp-block-buttons-is-layout-flex\">\n<div class=\"wp-block-button\"><a class=\"wp-block-button__link wp-element-button\" href=\"https:\/\/www.waldspielgruppe-pinocchio.ch\/wp-content\/uploads\/2026\/03\/formular_anmeldung_waldmues.pdf\" target=\"_blank\" rel=\"noreferrer noopener\">Anmeldung<\/a><\/div>\n<\/div>\n","protected":false},"excerpt":{"rendered":"<p>Waldm\u00fc\u00fcs Wald-Erlebnisse f\u00fcr Kindergartenkinder Ihr Kind hat die Waldspielgruppe geliebt? Dann lassen Sie das Abenteuer weitergehen! Auch wenn Ihr Kind bisher noch keine Waldspielgruppe besucht hat \u2013 alle Kinder sind herzlich willkommen, die Freude an der Natur haben und Neues entdecken m\u00f6chten! Natur hautnah entdecken: Spannende Streifz\u00fcge durch den Wald, bei denen Tiere, Pflanzen und [&hellip;]<\/p>\n","protected":false},"author":1,"featured_media":0,"parent":0,"menu_order":0,"comment_status":"closed","ping_status":"closed","template":"","meta":{"footnotes":""},"class_list":["post-259","page","type-page","status-publish","hentry"],"_links":{"self":[{"href":"https:\/\/www.waldspielgruppe-pinocchio.ch\/index.php\/wp-json\/wp\/v2\/pages\/259","targetHints":{"allow":["GET"]}}],"collection":[{"href":"https:\/\/www.waldspielgruppe-pinocchio.ch\/index.php\/wp-json\/wp\/v2\/pages"}],"about":[{"href":"https:\/\/www.waldspielgruppe-pinocchio.ch\/index.php\/wp-json\/wp\/v2\/types\/page"}],"author":[{"embeddable":true,"href":"https:\/\/www.waldspielgruppe-pinocchio.ch\/index.php\/wp-json\/wp\/v2\/users\/1"}],"replies":[{"embeddable":true,"href":"https:\/\/www.waldspielgruppe-pinocchio.ch\/index.php\/wp-json\/wp\/v2\/comments?post=259"}],"version-history":[{"count":6,"href":"https:\/\/www.waldspielgruppe-pinocchio.ch\/index.php\/wp-json\/wp\/v2\/pages\/259\/revisions"}],"predecessor-version":[{"id":267,"href":"https:\/\/www.waldspielgruppe-pinocchio.ch\/index.php\/wp-json\/wp\/v2\/pages\/259\/revisions\/267"}],"wp:attachment":[{"href":"https:\/\/www.waldspielgruppe-pinocchio.ch\/index.php\/wp-json\/wp\/v2\/media?parent=259"}],"curies":[{"name":"wp","href":"https:\/\/api.w.org\/{rel}","templated":true}]}}