{"id":124,"date":"2024-02-27T18:31:58","date_gmt":"2024-02-27T16:31:58","guid":{"rendered":"https:\/\/neu.waldspielgruppe-pinocchio.ch\/?page_id=124"},"modified":"2025-05-01T16:13:50","modified_gmt":"2025-05-01T14:13:50","slug":"verein","status":"publish","type":"page","link":"https:\/\/www.waldspielgruppe-pinocchio.ch\/index.php\/verein\/","title":{"rendered":"Verein"},"content":{"rendered":"\n<div class=\"wp-block-group is-vertical is-content-justification-center is-layout-flex wp-container-core-group-is-layout-ce155fab wp-block-group-is-layout-flex\">\n<h2 class=\"wp-block-heading has-text-align-center is-style-default has-x-large-font-size\">Verein<\/h2>\n\n\n\n<p>Unter dem Namen \u201eSpielgruppe Pinocchio Aarau\u201c besteht mit Sitz in Aarau ein Verein.&nbsp;Die Spielgruppe soll f\u00fcr die Kinder ein pers\u00f6nlicher Freiraum sein, in dem sie soziale Kontakte pflegen k\u00f6nnen. In der Waldspielgruppe Pinocchio werden keine Lernprogramme durchgef\u00fchrt, daf\u00fcr bem\u00fchen sich die Leiterinnen um eine warme, anregende Atmosph\u00e4re, in der sich die Kinder wohl f\u00fchlen.<\/p>\n\n\n\n<p>Ein aktives Vereinsleben ist jedem v\u00f6llig freigestellt und die Teilnahme an unseren Anl\u00e4ssen stets freiwillig. Wenn das Kind in den Kindergarten wechselt gilt dies als automatischer Austritt aus Verein und Waldspielgruppe und muss nicht schriftlich gek\u00fcndigt werden.<\/p>\n\n\n\n<div class=\"wp-block-buttons is-layout-flex wp-block-buttons-is-layout-flex\">\n<div class=\"wp-block-button\"><a class=\"wp-block-button__link wp-element-button\" href=\"https:\/\/www.waldspielgruppe-pinocchio.ch\/wp-content\/uploads\/2025\/05\/waldspielgruppe_statuten_2020.pdf\" target=\"_blank\" rel=\"noreferrer noopener\">Statuten<\/a><\/div>\n<\/div>\n<\/div>\n\n\n\n<p><\/p>\n","protected":false},"excerpt":{"rendered":"<p>Verein Unter dem Namen \u201eSpielgruppe Pinocchio Aarau\u201c besteht mit Sitz in Aarau ein Verein.&nbsp;Die Spielgruppe soll f\u00fcr die Kinder ein pers\u00f6nlicher Freiraum sein, in dem sie soziale Kontakte pflegen k\u00f6nnen. In der Waldspielgruppe Pinocchio werden keine Lernprogramme durchgef\u00fchrt, daf\u00fcr bem\u00fchen sich die Leiterinnen um eine warme, anregende Atmosph\u00e4re, in der sich die Kinder wohl f\u00fchlen. [&hellip;]<\/p>\n","protected":false},"author":1,"featured_media":0,"parent":0,"menu_order":0,"comment_status":"closed","ping_status":"closed","template":"","meta":{"footnotes":""},"class_list":["post-124","page","type-page","status-publish","hentry"],"_links":{"self":[{"href":"https:\/\/www.waldspielgruppe-pinocchio.ch\/index.php\/wp-json\/wp\/v2\/pages\/124","targetHints":{"allow":["GET"]}}],"collection":[{"href":"https:\/\/www.waldspielgruppe-pinocchio.ch\/index.php\/wp-json\/wp\/v2\/pages"}],"about":[{"href":"https:\/\/www.waldspielgruppe-pinocchio.ch\/index.php\/wp-json\/wp\/v2\/types\/page"}],"author":[{"embeddable":true,"href":"https:\/\/www.waldspielgruppe-pinocchio.ch\/index.php\/wp-json\/wp\/v2\/users\/1"}],"replies":[{"embeddable":true,"href":"https:\/\/www.waldspielgruppe-pinocchio.ch\/index.php\/wp-json\/wp\/v2\/comments?post=124"}],"version-history":[{"count":8,"href":"https:\/\/www.waldspielgruppe-pinocchio.ch\/index.php\/wp-json\/wp\/v2\/pages\/124\/revisions"}],"predecessor-version":[{"id":244,"href":"https:\/\/www.waldspielgruppe-pinocchio.ch\/index.php\/wp-json\/wp\/v2\/pages\/124\/revisions\/244"}],"wp:attachment":[{"href":"https:\/\/www.waldspielgruppe-pinocchio.ch\/index.php\/wp-json\/wp\/v2\/media?parent=124"}],"curies":[{"name":"wp","href":"https:\/\/api.w.org\/{rel}","templated":true}]}}